{"id":89,"date":"2025-07-11T22:29:43","date_gmt":"2025-07-12T01:29:43","guid":{"rendered":"http:\/\/guinebissau.org.br\/?page_id=89"},"modified":"2025-07-12T21:47:49","modified_gmt":"2025-07-13T00:47:49","slug":"quem-somos","status":"publish","type":"page","link":"http:\/\/guinebissau.org.br\/?page_id=89","title":{"rendered":"QUEM SOMOS"},"content":{"rendered":"\n<div class=\"wp-block-group alignfull has-global-padding is-layout-constrained wp-container-core-group-is-layout-490fa1db wp-block-group-is-layout-constrained\" style=\"padding-top:var(--wp--preset--spacing--50);padding-right:var(--wp--preset--spacing--50);padding-bottom:var(--wp--preset--spacing--50);padding-left:var(--wp--preset--spacing--50)\">\n<figure class=\"wp-block-image alignwide size-full is-style-rounded is-style-rounded--1\"><img loading=\"lazy\" decoding=\"async\" width=\"1920\" height=\"1306\" src=\"http:\/\/guinebissau.org.br\/wp-content\/uploads\/2025\/07\/Painel_fotos_2.png\" alt=\"\" class=\"wp-image-144\" srcset=\"http:\/\/guinebissau.org.br\/wp-content\/uploads\/2025\/07\/Painel_fotos_2.png 1920w, http:\/\/guinebissau.org.br\/wp-content\/uploads\/2025\/07\/Painel_fotos_2-300x204.png 300w, http:\/\/guinebissau.org.br\/wp-content\/uploads\/2025\/07\/Painel_fotos_2-1024x697.png 1024w, http:\/\/guinebissau.org.br\/wp-content\/uploads\/2025\/07\/Painel_fotos_2-768x522.png 768w, http:\/\/guinebissau.org.br\/wp-content\/uploads\/2025\/07\/Painel_fotos_2-1536x1045.png 1536w\" sizes=\"auto, (max-width: 1920px) 100vw, 1920px\" \/><\/figure>\n<\/div>\n\n\n\n<p class=\"has-text-align-center\" style=\"font-size:clamp(1.039rem, 1.039rem + ((1vw - 0.2rem) * 0.935), 1.6rem);\">Amigos da Guin\u00e9-Bissau \u00e9 um PROGRAMA HUMANIT\u00c1RIO DE EDUCA\u00c7\u00c3O brasileiro que atua na constru\u00e7\u00e3o de oportunidades para o desenvolvendo do POVO GUINEENSE NA \u00c1FRICA atrav\u00e9s de DOA\u00c7\u00d5ES DE MUITOS AMIGOS que juntos contribuem para a constru\u00e7\u00e3o de um futuro melhor<br>e mais justo no mundo.<\/p>\n\n\n\n<div class=\"wp-block-group alignfull has-base-background-color has-background has-global-padding is-content-justification-center is-layout-constrained wp-container-core-group-is-layout-07713731 wp-block-group-is-layout-constrained\" style=\"margin-top:0;margin-bottom:0;padding-top:var(--wp--preset--spacing--50);padding-right:var(--wp--preset--spacing--50);padding-bottom:var(--wp--preset--spacing--50);padding-left:var(--wp--preset--spacing--50)\">\n<div class=\"wp-block-columns alignwide is-layout-flex wp-container-core-columns-is-layout-1da03c2a wp-block-columns-is-layout-flex\">\n<div class=\"wp-block-column is-vertically-aligned-stretch is-layout-flow wp-block-column-is-layout-flow\" style=\"flex-basis:50%\">\n<div class=\"wp-block-group is-vertical is-content-justification-stretch is-layout-flex wp-container-core-group-is-layout-444d5ee8 wp-block-group-is-layout-flex\" style=\"min-height:100%\">\n<p class=\"has-system-sans-serif-font-family has-large-font-size\" style=\"line-height:1.2\"><strong><u>NOSSA MOTIVA\u00c7\u00c3O<\/u><\/strong><br><br><br><strong>POR QUE GUIN\u00c9-BISSAU?<\/strong><\/p>\n\n\n\n<p class=\"has-small-font-size\">Guin\u00e9-Bissau na \u00c1frica, vive uma realidade muito diferente da nossa no Brasil. Guin\u00e9-Bissau possui o 11\u00ba menor IDH (\u00edndice de desenvolvimento humano) do mundo, atr\u00e1s de pa\u00edses como Senegal, Afeganist\u00e3o e Eti\u00f3pia. Sua popula\u00e7\u00e3o possui uma expectativa de vida de 48 anos de idade e sofre de problemas b\u00e1sicos de educa\u00e7\u00e3o, sa\u00fade, saneamento, energia el\u00e9trica e infraestrutura.<\/p>\n\n\n\n<p class=\"has-small-font-size\">Mesmo geograficamente distantes, estamos muito pr\u00f3ximos desse povo. Temos um compromisso hist\u00f3rico com este pa\u00eds da \u00c1frica!<\/p>\n\n\n\n<p class=\"has-small-font-size\">O povo guineense tamb\u00e9m faz parte da nossa hist\u00f3ria e da constru\u00e7\u00e3o da cultura brasileira. Guin\u00e9-Bissau estava entre as principais rotas de navios negreiros do continente africano para o Brasil. N\u00e3o conseguimos mudar o passado, mas podemos ajudar a escrever uma nova hist\u00f3ria para o futuro atrav\u00e9s da constru\u00e7\u00e3o de uma cultura de solidariedade.<\/p>\n<\/div>\n<\/div>\n\n\n\n<div class=\"wp-block-column is-vertically-aligned-center is-layout-flow wp-block-column-is-layout-flow\" style=\"flex-basis:50%\">\n<figure class=\"wp-block-gallery has-nested-images columns-default is-cropped wp-block-gallery-2 is-layout-flex wp-block-gallery-is-layout-flex\">\n<figure class=\"wp-block-image size-large has-custom-border\"><img loading=\"lazy\" decoding=\"async\" width=\"585\" height=\"657\" data-id=\"164\" src=\"http:\/\/guinebissau.org.br\/wp-content\/uploads\/2025\/07\/ComoDoar_Home.jpg\" alt=\"\" class=\"wp-image-164\" style=\"border-radius:20px\" srcset=\"http:\/\/guinebissau.org.br\/wp-content\/uploads\/2025\/07\/ComoDoar_Home.jpg 585w, http:\/\/guinebissau.org.br\/wp-content\/uploads\/2025\/07\/ComoDoar_Home-267x300.jpg 267w\" sizes=\"auto, (max-width: 585px) 100vw, 585px\" \/><\/figure>\n<\/figure>\n<\/div>\n<\/div>\n\n\n\n<div class=\"wp-block-group alignfull has-global-padding is-layout-constrained wp-container-core-group-is-layout-d89aad35 wp-block-group-is-layout-constrained\" style=\"margin-top:0;margin-bottom:0;padding-top:var(--wp--preset--spacing--50);padding-right:var(--wp--preset--spacing--50);padding-bottom:var(--wp--preset--spacing--50);padding-left:var(--wp--preset--spacing--50)\">\n<div class=\"wp-block-columns alignwide are-vertically-aligned-center is-layout-flex wp-container-core-columns-is-layout-47c06fe3 wp-block-columns-is-layout-flex\">\n<div class=\"wp-block-column is-vertically-aligned-center is-layout-flow wp-block-column-is-layout-flow\" style=\"flex-basis:50%\">\n<h2 class=\"wp-block-heading has-text-color has-link-color has-system-sans-serif-font-family has-large-font-size wp-elements-2864de5258724b5a2be9e6dc70920716\" style=\"color:#e94f1b\"><strong><strong>COMO CONSTRUIREMOS UM FUTURO MELHOR?<\/strong><\/strong><\/h2>\n\n\n\n<p class=\"has-small-font-size\">Diante desse cen\u00e1rio, s\u00e3o muitas as necessidades e possibilidades de atua\u00e7\u00e3o\u2026 mas como amigos, precisamos unir esfor\u00e7os, conhecimento e vontade para focar em solu\u00e7\u00f5es que acreditamos que efetivamente minimizar\u00e3o as dificuldades atuais e mudar\u00e3o o futuro do pa\u00eds.<\/p>\n\n\n\n<p class=\"has-text-align-center has-text-color has-background has-link-color has-medium-font-size wp-elements-4cb7edfe782d975ff3dba12b8e5bfaec\" style=\"border-radius:0px;color:#ffffff;background-color:#e94f1b\"><strong>Escolhemos como foco a educa\u00e7\u00e3o!<\/strong><\/p>\n\n\n\n<p class=\"has-small-font-size\">Entendemos que a mudan\u00e7a precisa ser estruturante, perene e multiplicadora. Queremos compartilhar conhecimento para que nossa contribui\u00e7\u00e3o possa trazer maior autonomia para a continuidade do crescimento da Guin\u00e9-Bissau.<\/p>\n\n\n\n<p class=\"has-small-font-size\">Para isso, criamos um Programa Humanit\u00e1rio de Educa\u00e7\u00e3o entre Brasil e Guin\u00e9-Bissau.<\/p>\n\n\n\n<ul style=\"line-height:1.75\" class=\"wp-block-list is-style-checkmark-list\"><\/ul>\n<\/div>\n\n\n\n<div class=\"wp-block-column is-vertically-aligned-center is-layout-flow wp-block-column-is-layout-flow\" style=\"flex-basis:50%\">\n<figure class=\"wp-block-image size-full is-style-rounded is-style-rounded--3\"><img loading=\"lazy\" decoding=\"async\" width=\"585\" height=\"657\" src=\"http:\/\/guinebissau.org.br\/wp-content\/uploads\/2025\/07\/Atuacao_Home-2.jpg\" alt=\"\" class=\"wp-image-178\" srcset=\"http:\/\/guinebissau.org.br\/wp-content\/uploads\/2025\/07\/Atuacao_Home-2.jpg 585w, http:\/\/guinebissau.org.br\/wp-content\/uploads\/2025\/07\/Atuacao_Home-2-267x300.jpg 267w\" sizes=\"auto, (max-width: 585px) 100vw, 585px\" \/><\/figure>\n<\/div>\n<\/div>\n<\/div>\n<\/div>\n\n\n\n<div class=\"wp-block-group alignfull has-base-color has-text-color has-background has-global-padding is-layout-constrained wp-container-core-group-is-layout-ef3d885c wp-block-group-is-layout-constrained\" style=\"background-color:#3ab5a1;margin-top:0;margin-bottom:0;padding-top:var(--wp--preset--spacing--60);padding-right:var(--wp--preset--spacing--60);padding-bottom:var(--wp--preset--spacing--60);padding-left:var(--wp--preset--spacing--60)\">\n<figure class=\"wp-block-image aligncenter size-full is-resized\"><img loading=\"lazy\" decoding=\"async\" width=\"732\" height=\"180\" src=\"http:\/\/guinebissau.org.br\/wp-content\/uploads\/2025\/07\/AGB_separador2.png\" alt=\"\" class=\"wp-image-166\" style=\"width:163px;height:auto\" srcset=\"http:\/\/guinebissau.org.br\/wp-content\/uploads\/2025\/07\/AGB_separador2.png 732w, http:\/\/guinebissau.org.br\/wp-content\/uploads\/2025\/07\/AGB_separador2-300x74.png 300w\" sizes=\"auto, (max-width: 732px) 100vw, 732px\" \/><\/figure>\n\n\n\n<div class=\"wp-block-group has-global-padding is-layout-constrained wp-block-group-is-layout-constrained\">\n<p class=\"has-text-align-center has-base-color has-text-color has-system-sans-serif-font-family has-large-font-size\" style=\"line-height:1.2\"><strong>\u201cATRAV\u00c9S DA SOLIDARIEDADE ALCAN\u00c7AREMOS UMA JUSTI\u00c7A SOCIAL<br>NA GUIN\u00c9-BISSAU NA \u00c1FRICA\u201d<\/strong><\/p>\n\n\n\n<div class=\"wp-block-group is-vertical is-content-justification-center is-nowrap is-layout-flex wp-container-core-group-is-layout-2dc08cea wp-block-group-is-layout-flex\">\n<p class=\"has-text-align-center\" style=\"margin-top:var(--wp--preset--spacing--10);margin-bottom:0\">Pe. Vilson Groh<\/p>\n<\/div>\n<\/div>\n<\/div>\n\n\n\n<hr class=\"wp-block-separator has-alpha-channel-opacity\"\/>\n","protected":false},"excerpt":{"rendered":"<p>Amigos da Guin\u00e9-Bissau \u00e9 um PROGRAMA HUMANIT\u00c1RIO DE EDUCA\u00c7\u00c3O brasileiro que atua na constru\u00e7\u00e3o de oportunidades para o desenvolvendo do POVO GUINEENSE NA \u00c1FRICA atrav\u00e9s de DOA\u00c7\u00d5ES DE MUITOS AMIGOS que juntos contribuem para a constru\u00e7\u00e3o de um futuro melhore mais justo no mundo. NOSSA MOTIVA\u00c7\u00c3O POR QUE GUIN\u00c9-BISSAU? Guin\u00e9-Bissau na \u00c1frica, vive uma realidade [&hellip;]<\/p>\n","protected":false},"author":1,"featured_media":0,"parent":0,"menu_order":0,"comment_status":"closed","ping_status":"closed","template":"","meta":{"footnotes":""},"class_list":["post-89","page","type-page","status-publish","hentry"],"_links":{"self":[{"href":"http:\/\/guinebissau.org.br\/index.php?rest_route=\/wp\/v2\/pages\/89","targetHints":{"allow":["GET"]}}],"collection":[{"href":"http:\/\/guinebissau.org.br\/index.php?rest_route=\/wp\/v2\/pages"}],"about":[{"href":"http:\/\/guinebissau.org.br\/index.php?rest_route=\/wp\/v2\/types\/page"}],"author":[{"embeddable":true,"href":"http:\/\/guinebissau.org.br\/index.php?rest_route=\/wp\/v2\/users\/1"}],"replies":[{"embeddable":true,"href":"http:\/\/guinebissau.org.br\/index.php?rest_route=%2Fwp%2Fv2%2Fcomments&post=89"}],"version-history":[{"count":11,"href":"http:\/\/guinebissau.org.br\/index.php?rest_route=\/wp\/v2\/pages\/89\/revisions"}],"predecessor-version":[{"id":180,"href":"http:\/\/guinebissau.org.br\/index.php?rest_route=\/wp\/v2\/pages\/89\/revisions\/180"}],"wp:attachment":[{"href":"http:\/\/guinebissau.org.br\/index.php?rest_route=%2Fwp%2Fv2%2Fmedia&parent=89"}],"curies":[{"name":"wp","href":"https:\/\/api.w.org\/{rel}","templated":true}]}}