{"id":87,"date":"2025-07-11T20:39:41","date_gmt":"2025-07-11T23:39:41","guid":{"rendered":"http:\/\/guinebissau.org.br\/?page_id=87"},"modified":"2025-08-05T20:00:14","modified_gmt":"2025-08-05T23:00:14","slug":"doe-agora","status":"publish","type":"page","link":"http:\/\/guinebissau.org.br\/?page_id=87","title":{"rendered":"DOE AGORA"},"content":{"rendered":"\n<figure class=\"wp-block-image size-large\"><img loading=\"lazy\" decoding=\"async\" width=\"1024\" height=\"138\" src=\"http:\/\/guinebissau.org.br\/wp-content\/uploads\/2025\/07\/AGB_Faixa_Doacao-1-1024x138.png\" alt=\"\" class=\"wp-image-108\" srcset=\"http:\/\/guinebissau.org.br\/wp-content\/uploads\/2025\/07\/AGB_Faixa_Doacao-1-1024x138.png 1024w, http:\/\/guinebissau.org.br\/wp-content\/uploads\/2025\/07\/AGB_Faixa_Doacao-1-300x40.png 300w, http:\/\/guinebissau.org.br\/wp-content\/uploads\/2025\/07\/AGB_Faixa_Doacao-1-768x103.png 768w, http:\/\/guinebissau.org.br\/wp-content\/uploads\/2025\/07\/AGB_Faixa_Doacao-1-1536x207.png 1536w, http:\/\/guinebissau.org.br\/wp-content\/uploads\/2025\/07\/AGB_Faixa_Doacao-1-2048x275.png 2048w\" sizes=\"auto, (max-width: 1024px) 100vw, 1024px\" \/><\/figure>\n\n\n\n<p><br>A Associa\u00e7\u00e3o Amigos da Guin\u00e9-Bissau &#8211; AGB, \u00e9 um Programa Humanit\u00e1rio de Educa\u00e7\u00e3o realizado por brasileiros, que investe na educa\u00e7\u00e3o para transformar a realidade da Guin\u00e9-Bissau.<\/p>\n\n\n\n<p>Em <strong>2025<\/strong>, nossa meta \u00e9 apoiarmos mais de <strong>1.200 estudantes<\/strong>, garantindo <strong>bolsas de estudo, material escolar e alimenta\u00e7\u00e3o<\/strong>.<\/p>\n\n\n\n<p><strong>Sua doa\u00e7\u00e3o faz toda a diferen\u00e7a para mantermos nosso programa na \u00c1frica!<\/strong><\/p>\n\n\n\n<p>Atualmente, com R$ 300 garantimos 1 semestre de 1 aluno na escola. Com R$ 600, um ano de oportunidades. Voc\u00ea pode contribuir com <strong>uma doa\u00e7\u00e3o \u00fanica<\/strong> ou programar um <strong>PIX recorrente<\/strong> para apoiar de forma cont\u00ednua o nosso programa.<br><\/p>\n\n\n\n<p class=\"has-base-color has-text-color has-background has-link-color wp-elements-838b0eb967a89ff5ce4309229d9bb9d6\" style=\"background-color:#3ab5a1\"><strong>Ajude o nosso movimento e doe o valor que desejar:<\/strong><br>Banco do Brasil (001) \/ Ag.8246-5 \u00a0C\/C 1.239-4<br>Unicred (136) \/ Ag.1103-7 \u00a0C\/C 268589-2<br><strong>PIX: 29.222.231\/0001-21 (CNPJ)<\/strong><br>Ass. Amigos da Guin\u00e9-Bissau<br>CNPJ 29.222.231\/0001-21<\/p>\n\n\n\n<p><\/p>\n\n\n\n<figure class=\"wp-block-image size-full\"><img loading=\"lazy\" decoding=\"async\" width=\"1920\" height=\"1142\" src=\"http:\/\/guinebissau.org.br\/wp-content\/uploads\/2025\/07\/Painel_fotos_1-1.png\" alt=\"\" class=\"wp-image-133\" srcset=\"http:\/\/guinebissau.org.br\/wp-content\/uploads\/2025\/07\/Painel_fotos_1-1.png 1920w, http:\/\/guinebissau.org.br\/wp-content\/uploads\/2025\/07\/Painel_fotos_1-1-300x178.png 300w, http:\/\/guinebissau.org.br\/wp-content\/uploads\/2025\/07\/Painel_fotos_1-1-1024x609.png 1024w, http:\/\/guinebissau.org.br\/wp-content\/uploads\/2025\/07\/Painel_fotos_1-1-768x457.png 768w, http:\/\/guinebissau.org.br\/wp-content\/uploads\/2025\/07\/Painel_fotos_1-1-1536x914.png 1536w\" sizes=\"auto, (max-width: 1920px) 100vw, 1920px\" \/><\/figure>\n","protected":false},"excerpt":{"rendered":"<p>A Associa\u00e7\u00e3o Amigos da Guin\u00e9-Bissau &#8211; AGB, \u00e9 um Programa Humanit\u00e1rio de Educa\u00e7\u00e3o realizado por brasileiros, que investe na educa\u00e7\u00e3o para transformar a realidade da Guin\u00e9-Bissau. Em 2025, nossa meta \u00e9 apoiarmos mais de 1.200 estudantes, garantindo bolsas de estudo, material escolar e alimenta\u00e7\u00e3o. Sua doa\u00e7\u00e3o faz toda a diferen\u00e7a para mantermos nosso programa na [&hellip;]<\/p>\n","protected":false},"author":1,"featured_media":0,"parent":0,"menu_order":0,"comment_status":"closed","ping_status":"closed","template":"","meta":{"footnotes":""},"class_list":["post-87","page","type-page","status-publish","hentry"],"_links":{"self":[{"href":"http:\/\/guinebissau.org.br\/index.php?rest_route=\/wp\/v2\/pages\/87","targetHints":{"allow":["GET"]}}],"collection":[{"href":"http:\/\/guinebissau.org.br\/index.php?rest_route=\/wp\/v2\/pages"}],"about":[{"href":"http:\/\/guinebissau.org.br\/index.php?rest_route=\/wp\/v2\/types\/page"}],"author":[{"embeddable":true,"href":"http:\/\/guinebissau.org.br\/index.php?rest_route=\/wp\/v2\/users\/1"}],"replies":[{"embeddable":true,"href":"http:\/\/guinebissau.org.br\/index.php?rest_route=%2Fwp%2Fv2%2Fcomments&post=87"}],"version-history":[{"count":8,"href":"http:\/\/guinebissau.org.br\/index.php?rest_route=\/wp\/v2\/pages\/87\/revisions"}],"predecessor-version":[{"id":206,"href":"http:\/\/guinebissau.org.br\/index.php?rest_route=\/wp\/v2\/pages\/87\/revisions\/206"}],"wp:attachment":[{"href":"http:\/\/guinebissau.org.br\/index.php?rest_route=%2Fwp%2Fv2%2Fmedia&parent=87"}],"curies":[{"name":"wp","href":"https:\/\/api.w.org\/{rel}","templated":true}]}}