{"id":189,"date":"2025-07-12T22:33:11","date_gmt":"2025-07-13T01:33:11","guid":{"rendered":"http:\/\/guinebissau.org.br\/?page_id=189"},"modified":"2025-07-14T12:35:28","modified_gmt":"2025-07-14T15:35:28","slug":"manifesto","status":"publish","type":"page","link":"http:\/\/guinebissau.org.br\/?page_id=189","title":{"rendered":"MANIFESTO"},"content":{"rendered":"\n<div class=\"wp-block-group alignfull has-base-2-background-color has-background has-global-padding is-layout-constrained wp-container-core-group-is-layout-669513ed wp-block-group-is-layout-constrained\" style=\"margin-top:0;margin-bottom:0;padding-top:var(--wp--preset--spacing--50);padding-right:var(--wp--preset--spacing--50);padding-bottom:var(--wp--preset--spacing--50);padding-left:var(--wp--preset--spacing--50)\">\n<div class=\"wp-block-columns alignwide is-layout-flex wp-container-core-columns-is-layout-d0bbbce0 wp-block-columns-is-layout-flex\">\n<div class=\"wp-block-column is-layout-flow wp-container-core-column-is-layout-e3d1c41b wp-block-column-is-layout-flow\">\n<figure class=\"wp-block-image aligncenter size-full is-resized\"><img loading=\"lazy\" decoding=\"async\" width=\"807\" height=\"583\" src=\"http:\/\/guinebissau.org.br\/wp-content\/uploads\/2025\/07\/AGB_Icones_Manifesto-04.png\" alt=\"\" class=\"wp-image-193\" style=\"width:182px;height:auto\" srcset=\"http:\/\/guinebissau.org.br\/wp-content\/uploads\/2025\/07\/AGB_Icones_Manifesto-04.png 807w, http:\/\/guinebissau.org.br\/wp-content\/uploads\/2025\/07\/AGB_Icones_Manifesto-04-300x217.png 300w, http:\/\/guinebissau.org.br\/wp-content\/uploads\/2025\/07\/AGB_Icones_Manifesto-04-768x555.png 768w\" sizes=\"auto, (max-width: 807px) 100vw, 807px\" \/><\/figure>\n\n\n\n<p class=\"has-text-align-center\"><strong><strong><strong>ACREDITAMOS NA CULTURA<\/strong><\/strong><\/strong><br><strong><strong><strong>DA SOLIDARIEDADE<\/strong><\/strong><\/strong><\/p>\n\n\n\n<p class=\"has-text-align-center has-custom-1-font-size\">\u00c9 somente atrav\u00e9s da solidariedade que alcan\u00e7aremos uma justi\u00e7a social.<\/p>\n<\/div>\n\n\n\n<div class=\"wp-block-column is-layout-flow wp-container-core-column-is-layout-e3d1c41b wp-block-column-is-layout-flow\">\n<figure class=\"wp-block-image aligncenter size-full is-resized\"><img loading=\"lazy\" decoding=\"async\" width=\"807\" height=\"583\" src=\"http:\/\/guinebissau.org.br\/wp-content\/uploads\/2025\/07\/AGB_Icones_Manifesto-02.png\" alt=\"\" class=\"wp-image-191\" style=\"width:186px;height:auto\" srcset=\"http:\/\/guinebissau.org.br\/wp-content\/uploads\/2025\/07\/AGB_Icones_Manifesto-02.png 807w, http:\/\/guinebissau.org.br\/wp-content\/uploads\/2025\/07\/AGB_Icones_Manifesto-02-300x217.png 300w, http:\/\/guinebissau.org.br\/wp-content\/uploads\/2025\/07\/AGB_Icones_Manifesto-02-768x555.png 768w\" sizes=\"auto, (max-width: 807px) 100vw, 807px\" \/><\/figure>\n\n\n\n<p class=\"has-text-align-center\"><strong>ENALTECEMOS A BELEZA<\/strong><br><strong>DO POVO GUINEENSE<\/strong><\/p>\n\n\n\n<p class=\"has-text-align-center has-custom-1-font-size\">Nossa Guin\u00e9-Bissau \u00e9 vibrante, pulsante e cheia de vida. Acreditamos em uma abordagem otimista, positiva, verdadeira e por isso tocante! Vemos beleza na cultura, nas etnias, nas tabancas, e principalmente nas pessoas. Enaltecemos a vida, a alegria e a for\u00e7a do povo guineense.<\/p>\n<\/div>\n\n\n\n<div class=\"wp-block-column is-layout-flow wp-container-core-column-is-layout-e3d1c41b wp-block-column-is-layout-flow\">\n<figure class=\"wp-block-image aligncenter size-full is-resized\"><img loading=\"lazy\" decoding=\"async\" width=\"807\" height=\"583\" src=\"http:\/\/guinebissau.org.br\/wp-content\/uploads\/2025\/07\/AGB_Icones_Manifesto-03.png\" alt=\"\" class=\"wp-image-192\" style=\"width:185px;height:auto\" srcset=\"http:\/\/guinebissau.org.br\/wp-content\/uploads\/2025\/07\/AGB_Icones_Manifesto-03.png 807w, http:\/\/guinebissau.org.br\/wp-content\/uploads\/2025\/07\/AGB_Icones_Manifesto-03-300x217.png 300w, http:\/\/guinebissau.org.br\/wp-content\/uploads\/2025\/07\/AGB_Icones_Manifesto-03-768x555.png 768w\" sizes=\"auto, (max-width: 807px) 100vw, 807px\" \/><\/figure>\n\n\n\n<p class=\"has-text-align-center\"><strong>\u201cCOM\u201d GUIN\u00c9-BISSAU<\/strong><br><strong>E N\u00c3O \u201cPARA\u201d GUIN\u00c9-BISSAU<\/strong><\/p>\n\n\n\n<p class=\"has-text-align-center has-custom-1-font-size\">O povo guineense possui sua hist\u00f3ria e nossa contribui\u00e7\u00e3o est\u00e1 em ajud\u00e1-los por meio da educa\u00e7\u00e3o. Atrav\u00e9s de uma gest\u00e3o local compartilhada, em que guineenses participam ativamente, s\u00e3o levantadas as necessidades e definidas as a\u00e7\u00f5es e os projetos que ser\u00e3o implementados.<\/p>\n<\/div>\n<\/div>\n\n\n\n<div style=\"height:var(--wp--preset--spacing--20)\" aria-hidden=\"true\" class=\"wp-block-spacer\"><\/div>\n\n\n\n<div class=\"wp-block-columns alignwide is-layout-flex wp-container-core-columns-is-layout-d0bbbce0 wp-block-columns-is-layout-flex\">\n<div class=\"wp-block-column is-layout-flow wp-container-core-column-is-layout-e3d1c41b wp-block-column-is-layout-flow\">\n<figure class=\"wp-block-image aligncenter size-full is-resized\"><img loading=\"lazy\" decoding=\"async\" width=\"807\" height=\"583\" src=\"http:\/\/guinebissau.org.br\/wp-content\/uploads\/2025\/07\/AGB_Icones_Manifesto-01-1.png\" alt=\"\" class=\"wp-image-196\" style=\"width:182px;height:auto\" srcset=\"http:\/\/guinebissau.org.br\/wp-content\/uploads\/2025\/07\/AGB_Icones_Manifesto-01-1.png 807w, http:\/\/guinebissau.org.br\/wp-content\/uploads\/2025\/07\/AGB_Icones_Manifesto-01-1-300x217.png 300w, http:\/\/guinebissau.org.br\/wp-content\/uploads\/2025\/07\/AGB_Icones_Manifesto-01-1-768x555.png 768w\" sizes=\"auto, (max-width: 807px) 100vw, 807px\" \/><\/figure>\n\n\n\n<p class=\"has-text-align-center\"><strong>A INTERCULTURA NOS MOVE<\/strong><\/p>\n\n\n\n<p class=\"has-text-align-center has-custom-1-font-size\">Nosso Programa privilegia a intera\u00e7\u00e3o entre as culturas brasileira e guineense, onde a colabora\u00e7\u00e3o ocorre de uma forma rec\u00edproca, favorecendo o seu conv\u00edvio e integra\u00e7\u00e3o apoiado numa rela\u00e7\u00e3o baseada no respeito pela diversidade e no enriquecimento m\u00fatuo.<\/p>\n<\/div>\n\n\n\n<div class=\"wp-block-column is-layout-flow wp-container-core-column-is-layout-e3d1c41b wp-block-column-is-layout-flow\">\n<figure class=\"wp-block-image aligncenter size-full is-resized\"><img loading=\"lazy\" decoding=\"async\" width=\"807\" height=\"583\" src=\"http:\/\/guinebissau.org.br\/wp-content\/uploads\/2025\/07\/AGB_Icones_Manifesto-05.png\" alt=\"\" class=\"wp-image-194\" style=\"width:182px;height:auto\" srcset=\"http:\/\/guinebissau.org.br\/wp-content\/uploads\/2025\/07\/AGB_Icones_Manifesto-05.png 807w, http:\/\/guinebissau.org.br\/wp-content\/uploads\/2025\/07\/AGB_Icones_Manifesto-05-300x217.png 300w, http:\/\/guinebissau.org.br\/wp-content\/uploads\/2025\/07\/AGB_Icones_Manifesto-05-768x555.png 768w\" sizes=\"auto, (max-width: 807px) 100vw, 807px\" \/><\/figure>\n\n\n\n<p class=\"has-text-align-center\"><strong>IMPACTO DURADOURO<\/strong><\/p>\n\n\n\n<p class=\"has-text-align-center has-custom-1-font-size\">Desde o princ\u00edpio entendemos que o impacto da educa\u00e7\u00e3o \u00e9 transformador e precisa ser pensado a longo prazo. Somente atrav\u00e9s de um trabalho cont\u00ednuo, comprometido e respons\u00e1vel colheremos bons frutos desse Programa. Estamos investindo no presente com um olhar para o futuro.<\/p>\n<\/div>\n\n\n\n<div class=\"wp-block-column is-layout-flow wp-container-core-column-is-layout-e3d1c41b wp-block-column-is-layout-flow\">\n<p class=\"has-text-align-left\"><br><\/p>\n<\/div>\n<\/div>\n<\/div>\n\n\n\n<div class=\"wp-block-group alignfull has-background has-global-padding is-layout-constrained wp-container-core-group-is-layout-d89aad35 wp-block-group-is-layout-constrained\" style=\"background-color:#e74f1c;margin-top:0;margin-bottom:0;padding-top:var(--wp--preset--spacing--50);padding-right:var(--wp--preset--spacing--50);padding-bottom:var(--wp--preset--spacing--50);padding-left:var(--wp--preset--spacing--50)\">\n<div class=\"wp-block-group alignwide has-background has-global-padding is-layout-constrained wp-container-core-group-is-layout-39412042 wp-block-group-is-layout-constrained\" style=\"border-radius:16px;background-color:#e74f1c;padding-top:var(--wp--preset--spacing--40);padding-right:var(--wp--preset--spacing--50);padding-bottom:var(--wp--preset--spacing--40);padding-left:var(--wp--preset--spacing--50)\">\n<div style=\"height:var(--wp--preset--spacing--10)\" aria-hidden=\"true\" class=\"wp-block-spacer\"><\/div>\n\n\n\n<h2 class=\"wp-block-heading has-text-align-center has-x-large-font-size\">Junte-se a muitos amigos!<\/h2>\n\n\n\n<p class=\"has-text-align-center\">Fa\u00e7a sua doa\u00e7\u00e3o e ajude a manter o nosso programa da Guin\u00e9-Bissau.<\/p>\n\n\n\n<div class=\"wp-block-buttons is-content-justification-center is-layout-flex wp-container-core-buttons-is-layout-a89b3969 wp-block-buttons-is-layout-flex\">\n<div class=\"wp-block-button is-style-outline is-style-outline--1\"><a class=\"wp-block-button__link has-base-background-color has-text-color has-background has-link-color wp-element-button\" style=\"color:#e74f1c\">DOE AGORA<\/a><\/div>\n<\/div>\n\n\n\n<div style=\"height:var(--wp--preset--spacing--10)\" aria-hidden=\"true\" class=\"wp-block-spacer\"><\/div>\n<\/div>\n<\/div>\n","protected":false},"excerpt":{"rendered":"<p>ACREDITAMOS NA CULTURADA SOLIDARIEDADE \u00c9 somente atrav\u00e9s da solidariedade que alcan\u00e7aremos uma justi\u00e7a social. ENALTECEMOS A BELEZADO POVO GUINEENSE Nossa Guin\u00e9-Bissau \u00e9 vibrante, pulsante e cheia de vida. Acreditamos em uma abordagem otimista, positiva, verdadeira e por isso tocante! Vemos beleza na cultura, nas etnias, nas tabancas, e principalmente nas pessoas. Enaltecemos a vida, a [&hellip;]<\/p>\n","protected":false},"author":1,"featured_media":0,"parent":0,"menu_order":0,"comment_status":"closed","ping_status":"closed","template":"","meta":{"footnotes":""},"class_list":["post-189","page","type-page","status-publish","hentry"],"_links":{"self":[{"href":"http:\/\/guinebissau.org.br\/index.php?rest_route=\/wp\/v2\/pages\/189","targetHints":{"allow":["GET"]}}],"collection":[{"href":"http:\/\/guinebissau.org.br\/index.php?rest_route=\/wp\/v2\/pages"}],"about":[{"href":"http:\/\/guinebissau.org.br\/index.php?rest_route=\/wp\/v2\/types\/page"}],"author":[{"embeddable":true,"href":"http:\/\/guinebissau.org.br\/index.php?rest_route=\/wp\/v2\/users\/1"}],"replies":[{"embeddable":true,"href":"http:\/\/guinebissau.org.br\/index.php?rest_route=%2Fwp%2Fv2%2Fcomments&post=189"}],"version-history":[{"count":5,"href":"http:\/\/guinebissau.org.br\/index.php?rest_route=\/wp\/v2\/pages\/189\/revisions"}],"predecessor-version":[{"id":203,"href":"http:\/\/guinebissau.org.br\/index.php?rest_route=\/wp\/v2\/pages\/189\/revisions\/203"}],"wp:attachment":[{"href":"http:\/\/guinebissau.org.br\/index.php?rest_route=%2Fwp%2Fv2%2Fmedia&parent=189"}],"curies":[{"name":"wp","href":"https:\/\/api.w.org\/{rel}","templated":true}]}}