{"id":149,"date":"2025-07-11T21:44:43","date_gmt":"2025-07-12T00:44:43","guid":{"rendered":"http:\/\/guinebissau.org.br\/?page_id=149"},"modified":"2025-07-12T22:13:18","modified_gmt":"2025-07-13T01:13:18","slug":"plataforma","status":"publish","type":"page","link":"http:\/\/guinebissau.org.br\/?page_id=149","title":{"rendered":"PLATAFORMA"},"content":{"rendered":"\n<div class=\"wp-block-group alignfull has-base-2-background-color has-background has-global-padding is-layout-constrained wp-container-core-group-is-layout-669513ed wp-block-group-is-layout-constrained\" style=\"margin-top:0;margin-bottom:0;padding-top:var(--wp--preset--spacing--50);padding-right:var(--wp--preset--spacing--50);padding-bottom:var(--wp--preset--spacing--50);padding-left:var(--wp--preset--spacing--50)\">\n<div class=\"wp-block-group is-vertical is-content-justification-center is-layout-flex wp-container-core-group-is-layout-52b864f0 wp-block-group-is-layout-flex\">\n<p>Nosso PROGRAMA HUMANIT\u00c1RIO DE EDUCA\u00c7\u00c3O<br>possui 3 plataformas de atua\u00e7\u00e3o:<br><br><\/p>\n<\/div>\n\n\n\n<div class=\"wp-block-columns alignwide is-layout-flex wp-container-core-columns-is-layout-d0bbbce0 wp-block-columns-is-layout-flex\">\n<div class=\"wp-block-column is-layout-flow wp-container-core-column-is-layout-e3d1c41b wp-block-column-is-layout-flow\">\n<figure class=\"wp-block-image aligncenter size-full is-resized\"><img loading=\"lazy\" decoding=\"async\" width=\"631\" height=\"583\" src=\"http:\/\/guinebissau.org.br\/wp-content\/uploads\/2025\/07\/AGB_Icones_Plataforma-01.png\" alt=\"\" class=\"wp-image-150\" style=\"width:168px;height:auto\" srcset=\"http:\/\/guinebissau.org.br\/wp-content\/uploads\/2025\/07\/AGB_Icones_Plataforma-01.png 631w, http:\/\/guinebissau.org.br\/wp-content\/uploads\/2025\/07\/AGB_Icones_Plataforma-01-300x277.png 300w\" sizes=\"auto, (max-width: 631px) 100vw, 631px\" \/><\/figure>\n\n\n\n<p class=\"has-text-align-center has-small-font-size\" style=\"line-height:0.6\"><br><strong>PLATAFORMA 1<\/strong><\/p>\n\n\n\n<p class=\"has-text-align-center\" style=\"font-size:clamp(1.25rem, 1.25rem + ((1vw - 0.2rem) * 1.25), 2rem);line-height:0.6\"><strong>INFRAESTRUTURA<\/strong><\/p>\n\n\n\n<p class=\"has-text-align-center has-small-font-size\">Constru\u00e7\u00e3o, amplia\u00e7\u00e3o e reforma de escolas e compra de mobili\u00e1rio e equipamentos, visando propiciar um ambiente seguro e confort\u00e1vel para o aprendizado.<\/p>\n\n\n\n<figure class=\"wp-block-image aligncenter size-full is-resized\"><img loading=\"lazy\" decoding=\"async\" width=\"361\" height=\"159\" src=\"http:\/\/guinebissau.org.br\/wp-content\/uploads\/2025\/07\/AGB_Separador_3.png\" alt=\"\" class=\"wp-image-181\" style=\"width:83px;height:auto\" srcset=\"http:\/\/guinebissau.org.br\/wp-content\/uploads\/2025\/07\/AGB_Separador_3.png 361w, http:\/\/guinebissau.org.br\/wp-content\/uploads\/2025\/07\/AGB_Separador_3-300x132.png 300w\" sizes=\"auto, (max-width: 361px) 100vw, 361px\" \/><\/figure>\n\n\n\n<p class=\"has-text-align-center has-base-color has-text-color has-background has-link-color has-custom-1-font-size wp-elements-b98af41c79f2416daed300fd403a0bda\" style=\"background-color:#3ab4a0\"><strong>O QUE FAZEMOS<\/strong><br>&#8211; Constru\u00edmos, ampliamos e reformamos escolas (salas de aulas, cantina, banheiros, \u00e1reas de lazer, etc)<br>&#8211; Realizamos a compra de mobili\u00e1rio e equipamentos para os espa\u00e7os f\u00edsicos.<\/p>\n<\/div>\n\n\n\n<div class=\"wp-block-column is-layout-flow wp-block-column-is-layout-flow\" style=\"flex-basis:20px\"><\/div>\n\n\n\n<div class=\"wp-block-column is-layout-flow wp-container-core-column-is-layout-e3d1c41b wp-block-column-is-layout-flow\">\n<figure class=\"wp-block-image aligncenter size-full is-resized\"><img loading=\"lazy\" decoding=\"async\" width=\"631\" height=\"583\" src=\"http:\/\/guinebissau.org.br\/wp-content\/uploads\/2025\/07\/AGB_Icones_Plataforma-02.png\" alt=\"\" class=\"wp-image-151\" style=\"width:168px;height:auto\" srcset=\"http:\/\/guinebissau.org.br\/wp-content\/uploads\/2025\/07\/AGB_Icones_Plataforma-02.png 631w, http:\/\/guinebissau.org.br\/wp-content\/uploads\/2025\/07\/AGB_Icones_Plataforma-02-300x277.png 300w\" sizes=\"auto, (max-width: 631px) 100vw, 631px\" \/><\/figure>\n\n\n\n<p class=\"has-text-align-center has-small-font-size\" style=\"line-height:0.6\"><br><strong>PLATAFORMA 2<\/strong><\/p>\n\n\n\n<p class=\"has-text-align-center has-large-font-size\" style=\"line-height:0.6\"><strong><strong>DIA-A-DIA<\/strong><\/strong><\/p>\n\n\n\n<p class=\"has-text-align-center has-system-sans-serif-font-family has-custom-1-font-size\" style=\"line-height:1.5\">A\u00e7\u00f5es e projetos que permitem a viabilidade da educa\u00e7\u00e3o no dia-a-dia com benef\u00edcios como pagamento de mensalidades de alunos da escola que tamb\u00e9m garante o sal\u00e1rio em dia dos professores, alimenta\u00e7\u00e3o de alunos e professores, compra de materiais escolares, col\u00f4nias de f\u00e9rias para alunos e bolsas de estudos para jovens universit\u00e1rios.<\/p>\n\n\n\n<figure class=\"wp-block-image aligncenter size-full is-resized\"><img loading=\"lazy\" decoding=\"async\" width=\"361\" height=\"159\" src=\"http:\/\/guinebissau.org.br\/wp-content\/uploads\/2025\/07\/AGB_Separador_3.png\" alt=\"\" class=\"wp-image-181\" style=\"width:83px;height:auto\" srcset=\"http:\/\/guinebissau.org.br\/wp-content\/uploads\/2025\/07\/AGB_Separador_3.png 361w, http:\/\/guinebissau.org.br\/wp-content\/uploads\/2025\/07\/AGB_Separador_3-300x132.png 300w\" sizes=\"auto, (max-width: 361px) 100vw, 361px\" \/><\/figure>\n\n\n\n<p class=\"has-text-align-center has-base-color has-text-color has-background has-link-color has-system-sans-serif-font-family has-custom-1-font-size wp-elements-f3981c712eb446e58dbbd3a1c90b4b07\" style=\"background-color:#3ab4a0;line-height:1.5\"><strong>O QUE FAZEMOS<br><\/strong>&#8211; Pagamos mensalidades de alunos da escola que tamb\u00e9m garante o sal\u00e1rio em dia dos professores e alimenta\u00e7\u00e3o di\u00e1ria de alunos<br>e professores.<br>&#8211; Disponibilizamos materiais escolares para o ensino de todos os alunos e professores.<br>&#8211; Garantimos col\u00f4nia de f\u00e9rias para os alunos durante os meses que n\u00e3o t\u00eam aula e bolsas de estudos para jovens universit\u00e1rios.<\/p>\n<\/div>\n\n\n\n<div class=\"wp-block-column is-layout-flow wp-block-column-is-layout-flow\" style=\"flex-basis:20px\"><\/div>\n\n\n\n<div class=\"wp-block-column is-layout-flow wp-container-core-column-is-layout-e3d1c41b wp-block-column-is-layout-flow\">\n<figure class=\"wp-block-image aligncenter size-full is-resized\"><img loading=\"lazy\" decoding=\"async\" width=\"631\" height=\"583\" src=\"http:\/\/guinebissau.org.br\/wp-content\/uploads\/2025\/07\/AGB_Icones_Plataforma-03.png\" alt=\"\" class=\"wp-image-152\" style=\"width:169px;height:auto\" srcset=\"http:\/\/guinebissau.org.br\/wp-content\/uploads\/2025\/07\/AGB_Icones_Plataforma-03.png 631w, http:\/\/guinebissau.org.br\/wp-content\/uploads\/2025\/07\/AGB_Icones_Plataforma-03-300x277.png 300w\" sizes=\"auto, (max-width: 631px) 100vw, 631px\" \/><\/figure>\n\n\n\n<p class=\"has-text-align-center has-small-font-size\" style=\"line-height:0.6\"><br><strong>PLATAFORMA 3<\/strong><\/p>\n\n\n\n<p class=\"has-text-align-center has-large-font-size\" style=\"line-height:0.6\"><strong>CAPACITA\u00c7\u00c3O<\/strong><\/p>\n\n\n\n<p class=\"has-text-align-center has-custom-1-font-size\" style=\"line-height:1.5\">Ensinar quem ensina.<br>Capacita\u00e7\u00f5es de professores<br>locais e interc\u00e2mbios internacionais<br>com gestores.<\/p>\n\n\n\n<figure class=\"wp-block-image aligncenter size-full is-resized\"><img loading=\"lazy\" decoding=\"async\" width=\"361\" height=\"159\" src=\"http:\/\/guinebissau.org.br\/wp-content\/uploads\/2025\/07\/AGB_Separador_3.png\" alt=\"\" class=\"wp-image-181\" style=\"width:83px;height:auto\" srcset=\"http:\/\/guinebissau.org.br\/wp-content\/uploads\/2025\/07\/AGB_Separador_3.png 361w, http:\/\/guinebissau.org.br\/wp-content\/uploads\/2025\/07\/AGB_Separador_3-300x132.png 300w\" sizes=\"auto, (max-width: 361px) 100vw, 361px\" \/><\/figure>\n\n\n\n<p class=\"has-text-align-center has-base-color has-text-color has-background has-link-color has-custom-1-font-size wp-elements-acf4d1252fb979f6ebb157674bd7fd19\" style=\"background-color:#3ab4a0;line-height:1.5\"><strong>O QUE FAZEMOS<br><\/strong>&#8211; Realizamos capacita\u00e7\u00f5es e treinamento de professores locais e interc\u00e2mbios internacionais com gestores.<\/p>\n<\/div>\n<\/div>\n\n\n\n<div class=\"wp-block-columns alignwide is-layout-flex wp-container-core-columns-is-layout-d0bbbce0 wp-block-columns-is-layout-flex\">\n<div class=\"wp-block-column is-layout-flow wp-block-column-is-layout-flow\"><\/div>\n\n\n\n<div class=\"wp-block-column is-layout-flow wp-block-column-is-layout-flow\"><\/div>\n<\/div>\n<\/div>\n\n\n\n<div class=\"wp-block-group alignfull has-background has-global-padding is-layout-constrained wp-container-core-group-is-layout-d89aad35 wp-block-group-is-layout-constrained\" style=\"background-color:#e74f1c;margin-top:0;margin-bottom:0;padding-top:var(--wp--preset--spacing--50);padding-right:var(--wp--preset--spacing--50);padding-bottom:var(--wp--preset--spacing--50);padding-left:var(--wp--preset--spacing--50)\">\n<div class=\"wp-block-group alignwide has-background has-global-padding is-layout-constrained wp-container-core-group-is-layout-39412042 wp-block-group-is-layout-constrained\" style=\"border-radius:16px;background-color:#e74f1c;padding-top:var(--wp--preset--spacing--40);padding-right:var(--wp--preset--spacing--50);padding-bottom:var(--wp--preset--spacing--40);padding-left:var(--wp--preset--spacing--50)\">\n<div style=\"height:var(--wp--preset--spacing--10)\" aria-hidden=\"true\" class=\"wp-block-spacer\"><\/div>\n\n\n\n<h1 class=\"wp-block-heading has-text-align-center has-x-large-font-size\">Seja tamb\u00e9m Amigo da <br>Guin\u00e9-Bissau!<\/h1>\n\n\n\n<p class=\"has-text-align-center\">Ajude o nosso movimento e doe o valor que desejar.<\/p>\n\n\n\n<div class=\"wp-block-buttons is-content-justification-center is-layout-flex wp-container-core-buttons-is-layout-a89b3969 wp-block-buttons-is-layout-flex\">\n<div class=\"wp-block-button\"><a class=\"wp-block-button__link has-base-background-color has-text-color has-background has-link-color wp-element-button\" href=\"http:\/\/guinebissau.org.br\/?page_id=87\" style=\"color:#e74f1c\">Doe Agora<\/a><\/div>\n<\/div>\n\n\n\n<div style=\"height:var(--wp--preset--spacing--10)\" aria-hidden=\"true\" class=\"wp-block-spacer\"><\/div>\n<\/div>\n<\/div>\n","protected":false},"excerpt":{"rendered":"<p>Nosso PROGRAMA HUMANIT\u00c1RIO DE EDUCA\u00c7\u00c3Opossui 3 plataformas de atua\u00e7\u00e3o: PLATAFORMA 1 INFRAESTRUTURA Constru\u00e7\u00e3o, amplia\u00e7\u00e3o e reforma de escolas e compra de mobili\u00e1rio e equipamentos, visando propiciar um ambiente seguro e confort\u00e1vel para o aprendizado. O QUE FAZEMOS&#8211; Constru\u00edmos, ampliamos e reformamos escolas (salas de aulas, cantina, banheiros, \u00e1reas de lazer, etc)&#8211; Realizamos a compra de [&hellip;]<\/p>\n","protected":false},"author":1,"featured_media":0,"parent":0,"menu_order":0,"comment_status":"closed","ping_status":"closed","template":"","meta":{"footnotes":""},"class_list":["post-149","page","type-page","status-publish","hentry"],"_links":{"self":[{"href":"http:\/\/guinebissau.org.br\/index.php?rest_route=\/wp\/v2\/pages\/149","targetHints":{"allow":["GET"]}}],"collection":[{"href":"http:\/\/guinebissau.org.br\/index.php?rest_route=\/wp\/v2\/pages"}],"about":[{"href":"http:\/\/guinebissau.org.br\/index.php?rest_route=\/wp\/v2\/types\/page"}],"author":[{"embeddable":true,"href":"http:\/\/guinebissau.org.br\/index.php?rest_route=\/wp\/v2\/users\/1"}],"replies":[{"embeddable":true,"href":"http:\/\/guinebissau.org.br\/index.php?rest_route=%2Fwp%2Fv2%2Fcomments&post=149"}],"version-history":[{"count":9,"href":"http:\/\/guinebissau.org.br\/index.php?rest_route=\/wp\/v2\/pages\/149\/revisions"}],"predecessor-version":[{"id":188,"href":"http:\/\/guinebissau.org.br\/index.php?rest_route=\/wp\/v2\/pages\/149\/revisions\/188"}],"wp:attachment":[{"href":"http:\/\/guinebissau.org.br\/index.php?rest_route=%2Fwp%2Fv2%2Fmedia&parent=149"}],"curies":[{"name":"wp","href":"https:\/\/api.w.org\/{rel}","templated":true}]}}